{"id":34968,"date":"2024-10-16T15:18:21","date_gmt":"2024-10-16T15:18:21","guid":{"rendered":"https:\/\/defarra.es\/accessibilitat\/"},"modified":"2024-10-16T15:42:51","modified_gmt":"2024-10-16T15:42:51","slug":"accessibilitat","status":"publish","type":"page","link":"https:\/\/defarra.es\/ca\/accessibilitat\/","title":{"rendered":"Accessibilitat"},"content":{"rendered":"\t\t<div data-elementor-type=\"wp-page\" data-elementor-id=\"34968\" class=\"elementor elementor-34968 elementor-34966\">\n\t\t\t\t<div class=\"elementor-element elementor-element-5e20b21 thegem-e-con-layout-thegem e-flex e-con-boxed e-con e-parent\" data-id=\"5e20b21\" data-element_type=\"container\" data-e-type=\"container\" data-settings=\"{&quot;thegem_container_layout&quot;:&quot;thegem&quot;}\">\n\t\t\t\t\t<div class=\"e-con-inner\">\n\t\t\t\t<div class=\"elementor-element elementor-element-2cb32c1 flex-horizontal-align-default flex-horizontal-align-tablet-default flex-horizontal-align-mobile-default flex-vertical-align-default flex-vertical-align-tablet-default flex-vertical-align-mobile-default elementor-widget elementor-widget-text-editor\" data-id=\"2cb32c1\" data-element_type=\"widget\" data-e-type=\"widget\" data-widget_type=\"text-editor.default\">\n\t\t\t\t<div class=\"elementor-widget-container\">\n\t\t\t\t\t\t\t\t\t\t\t\t<div class=\"elementor-text-editor elementor-clearfix\">\r\n\t\t\t\t\t\t<p><strong>Declaraci\u00f3 d&#8217;accessibilitat<\/strong><\/p>\n<p>Defarra s&#8217;ha comprom\u00e8s a fer accessibles els seus llocs web de conformitat amb el <a href=\"https:\/\/www.boe.es\/buscar\/act.php?id=BOE-A-2018-12699\">Reial decret 1112\/2018, de 7 de setembre<\/a> , sobre accessibilitat dels llocs web i aplicacions per a dispositius m\u00f2bils del sector p\u00fablic (d&#8217;ara endavant, Reial decret 1112\/2018, de 7 de setembre).<\/p>\n<p>Aquesta declaraci\u00f3 d&#8217;accessibilitat s&#8217;aplica al web defarra.es<\/p>\n<\/p>\n<h2>Situaci\u00f3 de compliment<\/h2>\n<p>Aquest lloc web est\u00e0 parcialment <strong>conforme<\/strong> amb el Reial decret 1112\/2018, de 7 de setembre, degut a la manca de conformitat dels aspectes que s&#8217;indiquen a continuaci\u00f3.<\/p>\n<\/p>\n<h2>Contingut no accessible<\/h2>\n<p>El contingut que es recull a continuaci\u00f3 no \u00e9s accessible pel seg\u00fcent:<\/p>\n<\/p>\n<ol>\n<li><strong>Manca de conformitat amb el Reial Decret 1112\/2018, de 7 de setembre:<\/strong> podrien existir errors puntuals d&#8217;edici\u00f3 en alguna p\u00e0gina web, tant en continguts HTML com en documents finals, publicats en data posterior al 20 de setembre de 2018 (data d&#8217;entrada en vigor del Reial decret 1112\/2018, de 7 de setembre). Concretament pot haver-hi errors en aquells documents que contenen gr\u00e0fics, taules complexes o en aquells signats electr\u00f2nicament abans de la revisi\u00f3 d&#8217;accessibilitat. <\/li>\n<li><strong>C\u00e0rrega desproporcionada:<\/strong> no s&#8217;aplica.<\/li>\n<li>El contingut <strong>no entra dins l&#8217;\u00e0mbit de la legislaci\u00f3 aplicable<\/strong> : Hi ha arxius ofim\u00e0tics en PDF o altres formats publicats abans del 20 de setembre de 2018 que no compleixen totalment tots els requisits d&#8217;accessibilitat; tamb\u00e9 poden estar en aquesta situaci\u00f3 continguts de tercers no finan\u00e7ats, ni desenvolupats, ni sota control d&#8217;aquest Ministeri.<\/li>\n<\/ol>\n<h2>Preparaci\u00f3 d&#8217;aquesta declaraci\u00f3 d&#8217;accessibilitat<\/h2>\n<p>Aquesta declaraci\u00f3 va ser preparada el 29 de desembre de 2022.<\/p>\n<p>El m\u00e8tode emprat per preparar la declaraci\u00f3 ha estat una autoavaluaci\u00f3 duta a terme per la nostra empresa.<\/p>\n<\/p>\n<h2>Observacions i dades de contacte<\/h2>\n<\/p>\n<p>Podeu realitzar comunicacions sobre requisits d&#8217;accessibilitat (article 10.2.a) del Reial Decret 1112\/2018, de 7 de setembre) com, per exemple:<\/p>\n<\/p>\n<ul>\n<li>Informar sobre qualsevol possible incompliment per part daquest lloc web.<\/li>\n<li>Transmetre altres dificultats dacc\u00e9s al contingut.<\/li>\n<li>Formular qualsevol altra consulta o suggeriment de millora relativa a laccessibilitat del lloc web.<\/li>\n<\/ul>\n<p>A trav\u00e9s de les vies seg\u00fcents:<\/p>\n<ul>\n<li>Correu electr\u00f2nic:<\/li>\n<li>Tel\u00e8fons:<\/li>\n<\/ul>\n<p>Les comunicacions seran rebudes i tractades pel departament datenci\u00f3 al client de Defarra, com a unitat responsable dels continguts daquest lloc web.<\/p>\n<p>Tamb\u00e9 podeu sol\u00b7licitar en format accessible informaci\u00f3 que no compleixi amb els requisits d&#8217;accessibilitat b\u00e9 per estar exclosa, b\u00e9 per estar exempta per c\u00e0rrega desproporcionada; o formular una queixa per incompliment dels requisits daccessibilitat. Enlla\u00e7 al <a href=\"https:\/\/defarra.es\/ca\/contacte\/\">formulari de contacte<\/a> de l&#8217;article 12 del Reial decret 1112\/2018, de 7 de setembre. <\/p>\n<\/p>\n<h2>Procediment d&#8217;aplicaci\u00f3<\/h2>\n<p>A trav\u00e9s del nostre formulari de contacte podreu iniciar una reclamaci\u00f3 per con\u00e8ixer i oposar-vos als motius de la desestimaci\u00f3 d&#8217;una sol\u00b7licitud d&#8217;informaci\u00f3 accessible o queixa, instar l&#8217;adopci\u00f3 de les mesures oportunes en cas de no estar d&#8217;acord amb la decisi\u00f3 adoptada, o exposar les raons per les quals es considera que la resposta no compleix els requisits exigits.<\/p>\n<h2>Contingut opcional<\/h2>\n<p>La versi\u00f3 actualment visible d&#8217;aquest lloc web \u00e9s del gener del 2023 i en aquesta data es va fer la revisi\u00f3 del nivell d&#8217;accessibilitat vigent en aquell moment.<\/p>\n<\/p>\n<p>A partir de la data esmentada es duran a terme revisions parcials cada any del contingut web nou o modificat, tant de les plantilles com de les p\u00e0gines i documents finals publicats, a fi d&#8217;assegurar el compliment dels requeriments d&#8217;accessibilitat de la Norma UNE-EN 301549:2019, considerant les excepcions del Reial decret 1112\/2018, de 7 de setembre.<\/p>\n<\/p>\n<p>Entre altres, s&#8217;adopten les mesures seg\u00fcents per facilitar l&#8217;accessibilitat:<\/p>\n<ul>\n<li>Utilitzaci\u00f3 de text alternatiu a les imatges<\/li>\n<li>Els enlla\u00e7os ofereixen detalls de la funci\u00f3 o destinaci\u00f3 de l&#8217;hiperenlla\u00e7<\/li>\n<li>\u00das dels est\u00e0ndards del W3C: XHTML 1.0, CSS 3.0, WAI AA.<\/li>\n<\/ul>\n<p>Podeu consultar a la p\u00e0gina d&#8217; <a href=\"https:\/\/defarra.es\/ca\/avis-legal\/\">Av\u00eds Legal<\/a> per a quins navegadors i versions est\u00e0 optimitzat aquest lloc web.<\/p>\n\t\t\t\t\t\t\t<\/div>\r\n\t\t\t\t\t\t\t\t\t\t<\/div>\n\t\t\t\t<\/div>\n\t\t\t\t\t<\/div>\n\t\t\t\t<\/div>\n\t\t\t\t<\/div>\n\t\t","protected":false},"excerpt":{"rendered":"<p>Declaraci\u00f3 d&#8217;accessibilitat Defarra s&#8217;ha comprom\u00e8s a fer accessibles els seus llocs web de conformitat amb el Reial decret 1112\/2018, de&#8230;<\/p>\n","protected":false},"author":1,"featured_media":0,"parent":0,"menu_order":0,"comment_status":"closed","ping_status":"closed","template":"page-fullwidth.php","meta":{"footnotes":""},"class_list":["post-34968","page","type-page","status-publish"],"_links":{"self":[{"href":"https:\/\/defarra.es\/ca\/wp-json\/wp\/v2\/pages\/34968","targetHints":{"allow":["GET"]}}],"collection":[{"href":"https:\/\/defarra.es\/ca\/wp-json\/wp\/v2\/pages"}],"about":[{"href":"https:\/\/defarra.es\/ca\/wp-json\/wp\/v2\/types\/page"}],"author":[{"embeddable":true,"href":"https:\/\/defarra.es\/ca\/wp-json\/wp\/v2\/users\/1"}],"replies":[{"embeddable":true,"href":"https:\/\/defarra.es\/ca\/wp-json\/wp\/v2\/comments?post=34968"}],"version-history":[{"count":4,"href":"https:\/\/defarra.es\/ca\/wp-json\/wp\/v2\/pages\/34968\/revisions"}],"predecessor-version":[{"id":34997,"href":"https:\/\/defarra.es\/ca\/wp-json\/wp\/v2\/pages\/34968\/revisions\/34997"}],"wp:attachment":[{"href":"https:\/\/defarra.es\/ca\/wp-json\/wp\/v2\/media?parent=34968"}],"curies":[{"name":"wp","href":"https:\/\/api.w.org\/{rel}","templated":true}]}}