{"id":34437,"date":"2019-07-17T03:56:52","date_gmt":"2019-07-17T03:56:52","guid":{"rendered":"https:\/\/defarra.es\/contacte\/"},"modified":"2024-08-28T08:52:39","modified_gmt":"2024-08-28T08:52:39","slug":"contacte","status":"publish","type":"page","link":"https:\/\/defarra.es\/ca\/contacte\/","title":{"rendered":"Contacte"},"content":{"rendered":"\t\t<div data-elementor-type=\"wp-page\" data-elementor-id=\"34437\" class=\"elementor elementor-34437 elementor-13412\">\n\t\t\t\t\t\t<section class=\"elementor-section elementor-top-section elementor-element elementor-element-ac6b0c6 animated-fast elementor-section-boxed elementor-section-height-default elementor-section-height-default\" data-id=\"ac6b0c6\" data-element_type=\"section\" data-e-type=\"section\" data-settings=\"{&quot;background_background&quot;:&quot;classic&quot;,&quot;animation&quot;:&quot;none&quot;,&quot;animation_delay&quot;:600}\">\r\n\t\t\t\t\t\t<div class=\"elementor-container elementor-column-gap-no\"><div class=\"elementor-row\">\r\n\t\t\t\t\t<div class=\"elementor-column elementor-col-100 elementor-top-column elementor-element elementor-element-4cb44cd animated-fast\" data-id=\"4cb44cd\" data-element_type=\"column\" data-e-type=\"column\" data-settings=\"{&quot;background_background&quot;:&quot;classic&quot;,&quot;animation&quot;:&quot;none&quot;,&quot;animation_delay&quot;:600}\">\n\t\t\t<div class=\"elementor-widget-wrap elementor-element-populated\">\n\t\t\t\t\t\t<div class=\"elementor-element elementor-element-83f7acc elementor-widget__width-initial flex-horizontal-align-default flex-horizontal-align-tablet-default flex-horizontal-align-mobile-default flex-vertical-align-default flex-vertical-align-tablet-default flex-vertical-align-mobile-default elementor-widget elementor-widget-thegem-animated-heading\" data-id=\"83f7acc\" data-element_type=\"widget\" data-e-type=\"widget\" data-widget_type=\"thegem-animated-heading.default\">\n\t\t\t\t<div class=\"elementor-widget-container\">\n\t\t\t\t\t<script type=\"text\/javascript\">(function() {function TheGemHeading() {this.animateClass = 'thegem-heading-animate';this.animatedClass = 'thegem-heading-animated';}TheGemHeading.prototype = {initialize: function () {let items =document.querySelectorAll('.'+this.animateClass);items.forEach((item)=>{if (this.isElementVisible(item)) {this.prepareAnimation(item);this.startAnimation(item);}});if ('IntersectionObserver' in window) {let intersectionObserver = new IntersectionObserver((entries)=>{entries.forEach((entry)=> {if (entry.isIntersecting) {this.startAnimation(entry.target);intersectionObserver.unobserve(entry.target);}});});items.forEach((item)=>{intersectionObserver.observe(item);this.prepareAnimation(item);});} else {items.forEach((item)=>{this.prepareAnimation(item);this.startAnimation(item);});}},isElementVisible: function (element) {let rect= element.getBoundingClientRect(),width= window.innerWidth || document.documentElement.clientWidth,height = window.innerHeight || document.documentElement.clientHeight,efp= (x, y) => document.elementFromPoint(x, y);if (rect.right < 0 || rect.bottom < 0 || rect.left > width || rect.top > height) return false;return (element.contains(efp(rect.left,rect.top)) ||element.contains(efp(rect.right, rect.top)) ||element.contains(efp(rect.right, rect.bottom)) ||element.contains(efp(rect.left,rect.bottom)));},startAnimation: function (element) {if (element && !element.classList.contains(this.animatedClass)) {element.classList.add(this.animatedClass);element.classList.remove(this.animateClass);element.dispatchEvent(new Event('theGemHeading.startAnimation', {bubbles: true}));}},prepareAnimation: function (element) {if (element && !element.isPreparedAnimation) {element.dispatchEvent(new Event('theGemHeading.prepareAnimation', {bubbles: true}));element.isPreparedAnimation = true;}}};window.theGemHeading = new TheGemHeading();document.addEventListener('DOMContentLoaded', function() {window.theGemHeading.initialize();});})();<\/script><div class=\"thegem-heading-wrap\"><h2 class=\"thegem-heading thegem-animated-heading title-h2 thegem-heading-animate background-sliding\" id=\"thegem-heading-83f7acc\"><span class=\"thegem-heading-text-wrap\"><span class=\"thegem-heading-text\"><span class=\"colored\" style=\"color: #FFFFFF;\">FORMULARI DE CONTACTE<\/span><\/span><\/span><\/h2><style type=\"text\/css\">#thegem-heading-83f7acc {margin: 0;}#thegem-heading-83f7acc {margin-left: auto; margin-right: auto;}#thegem-heading-83f7acc > * {justify-content: center;}#thegem-heading-83f7acc {animation-duration: 700ms;}<\/style><\/div>\t\t\t\t<\/div>\n\t\t\t\t<\/div>\n\t\t\t\t<div class=\"elementor-element elementor-element-426b4f1 flex-horizontal-align-default flex-horizontal-align-tablet-default flex-horizontal-align-mobile-default flex-vertical-align-default flex-vertical-align-tablet-default flex-vertical-align-mobile-default elementor-widget elementor-widget-thegem-contact-form7\" data-id=\"426b4f1\" data-element_type=\"widget\" data-e-type=\"widget\" data-settings=\"{&quot;thegem_elementor_preset&quot;:&quot;dark-simple&quot;}\" data-widget_type=\"thegem-contact-form7.default\">\n\t\t\t\t<div class=\"elementor-widget-container\">\n\t\t\t\t\t\n<div class=\"wpcf7 no-js\" id=\"wpcf7-f34426-o1\" lang=\"ca\" dir=\"ltr\" data-wpcf7-id=\"34426\">\n<div class=\"screen-reader-response\"><p role=\"status\" aria-live=\"polite\" aria-atomic=\"true\"><\/p> <ul><\/ul><\/div>\n<form action=\"\/ca\/wp-json\/wp\/v2\/pages\/34437#wpcf7-f34426-o1\" method=\"post\" class=\"wpcf7-form init thegem-cf7 gem-contact-form-dark gem-contact-form-simple-line form-426b4f1 label-top\" aria-label=\"Formulari de contacte\" novalidate=\"novalidate\" data-status=\"init\">\n<fieldset class=\"hidden-fields-container\"><input type=\"hidden\" name=\"_wpcf7\" value=\"34426\" \/><input type=\"hidden\" name=\"_wpcf7_version\" value=\"6.1.4\" \/><input type=\"hidden\" name=\"_wpcf7_locale\" value=\"ca\" \/><input type=\"hidden\" name=\"_wpcf7_unit_tag\" value=\"wpcf7-f34426-o1\" \/><input type=\"hidden\" name=\"_wpcf7_container_post\" value=\"0\" \/><input type=\"hidden\" name=\"_wpcf7_posted_data_hash\" value=\"\" \/><input type=\"hidden\" name=\"_wpcf7_recaptcha_response\" value=\"\" \/>\n<\/fieldset>\n<div class=\"container\">\n    <div class=\"row\">\n        <p class=\"col-md-6\">\n            <label>Nom i cognoms<\/label>\n            <span class=\"wpcf7-form-control-wrap\" data-name=\"your-name\"><input size=\"40\" maxlength=\"400\" class=\"wpcf7-form-control wpcf7-text wpcf7-validates-as-required\" aria-required=\"true\" aria-invalid=\"false\" value=\"\" type=\"text\" name=\"your-name\" \/><\/span>\n        <\/p>\n        <p class=\"col-md-6\">\n            <label>Correu electr\u00f2nic<\/label>\n            <span class=\"wpcf7-form-control-wrap\" data-name=\"your-email\"><input size=\"40\" maxlength=\"400\" class=\"wpcf7-form-control wpcf7-email wpcf7-validates-as-required wpcf7-text wpcf7-validates-as-email\" aria-required=\"true\" aria-invalid=\"false\" value=\"\" type=\"email\" name=\"your-email\" \/><\/span>\n        <\/p>\n    <\/div>\n    <div class=\"row\">\n        <p class=\"col-md-6\">\n            <label>Tel\u00e8fon<\/label>\n            <span class=\"wpcf7-form-control-wrap\" data-name=\"your-phone\"><input size=\"40\" maxlength=\"400\" class=\"wpcf7-form-control wpcf7-tel wpcf7-validates-as-required wpcf7-text wpcf7-validates-as-tel\" aria-required=\"true\" aria-invalid=\"false\" value=\"\" type=\"tel\" name=\"your-phone\" \/><\/span>\n        <\/p>\n    <\/div>\n\n    <div class=\"row\">\n        <p class=\"col-lg-12\">\n            <label>Explica'ns sobre el teu esdeveniment<\/label>\n            <span class=\"wpcf7-form-control-wrap\" data-name=\"event-details\"><textarea cols=\"40\" rows=\"10\" maxlength=\"2000\" class=\"wpcf7-form-control wpcf7-textarea\" aria-invalid=\"false\" name=\"event-details\"><\/textarea><\/span>\n        <\/p>\n    <\/div>\n\n    <div class=\"row\">\n        <p class=\"col-lg-12\" style=\"font-size: 15px;\">\n            <span class=\"wpcf7-form-control-wrap\" data-name=\"privacy-policy\"><span class=\"wpcf7-form-control wpcf7-acceptance\"><span class=\"wpcf7-list-item\"><label><input type=\"checkbox\" name=\"privacy-policy\" value=\"1\" aria-invalid=\"false\" \/><span class=\"wpcf7-list-item-label\">He llegit les condicions de privadesa<\/span><\/label><\/span><\/span><\/span>\n        <\/p>\n    <\/div>\n\n    <div class=\"row\">\n        <p class=\"col-lg-auto\">\n            <div class=\"gem-button-container gem-button-position-fullwidth\"><input class=\"gem-button gem-button-size-small gem-button-style-flat gem-button-text-weight-normal wpcf7-form-control wpcf7-submit has-spinner btn-color-primary gem-button-wpcf-custom\" style=\"border-radius: 3px;\" onmouseleave=\"\" onmouseenter=\"\" id=\"\" tabindex=\"\" type=\"submit\" value=\"Enviar\" \/><\/div> \n        <\/p>\n    <\/div>\n<\/div><div class=\"wpcf7-response-output\" aria-hidden=\"true\"><\/div>\n<\/form>\n<\/div>\n\t\t\t\t<\/div>\n\t\t\t\t<\/div>\n\t\t\t\t\t<\/div>\n\t\t<\/div>\n\t\t\t\t\t<\/div><\/div>\r\n\t\t<\/section>\r\n\t\t\t\t<section class=\"elementor-section elementor-top-section elementor-element elementor-element-3474225 elementor-section-full_width elementor-section-height-default elementor-section-height-default\" data-id=\"3474225\" data-element_type=\"section\" data-e-type=\"section\" data-settings=\"{&quot;background_background&quot;:&quot;classic&quot;}\">\r\n\t\t\t\t\t\t<div class=\"elementor-container elementor-column-gap-thegem\"><div class=\"elementor-row\">\r\n\t\t\t\t\t<div class=\"elementor-column elementor-col-100 elementor-top-column elementor-element elementor-element-555d758\" data-id=\"555d758\" data-element_type=\"column\" data-e-type=\"column\">\n\t\t\t<div class=\"elementor-widget-wrap elementor-element-populated\">\n\t\t\t\t\t\t<div class=\"elementor-element elementor-element-4c28ca5 flex-horizontal-align-default flex-horizontal-align-tablet-default flex-horizontal-align-mobile-default flex-vertical-align-default flex-vertical-align-tablet-default flex-vertical-align-mobile-default elementor-widget elementor-widget-thegem-animated-heading\" data-id=\"4c28ca5\" data-element_type=\"widget\" data-e-type=\"widget\" data-widget_type=\"thegem-animated-heading.default\">\n\t\t\t\t<div class=\"elementor-widget-container\">\n\t\t\t\t\t<div class=\"thegem-heading-wrap\"><h2 class=\"thegem-heading thegem-animated-heading title-h2 thegem-heading-animate background-sliding\" id=\"thegem-heading-4c28ca5\"><span class=\"thegem-heading-text-wrap\"><span class=\"thegem-heading-text\"><span class=\"colored\" style=\"color: #FFFFFF;\">T'HI FEM UN CABLE?<\/span><\/span><\/span><\/h2><style type=\"text\/css\">#thegem-heading-4c28ca5 {margin: 0;}#thegem-heading-4c28ca5 {margin-left: auto; margin-right: auto;}#thegem-heading-4c28ca5 > * {justify-content: center;}#thegem-heading-4c28ca5 {animation-duration: 700ms;}<\/style><\/div>\t\t\t\t<\/div>\n\t\t\t\t<\/div>\n\t\t\t\t\t<\/div>\n\t\t<\/div>\n\t\t\t\t\t<\/div><\/div>\r\n\t\t<\/section>\r\n\t\t<div class=\"elementor-element elementor-element-7659875 thegem-e-con-layout-thegem e-flex e-con-boxed e-con e-parent\" data-id=\"7659875\" data-element_type=\"container\" data-e-type=\"container\" data-settings=\"{&quot;background_background&quot;:&quot;classic&quot;,&quot;thegem_container_layout&quot;:&quot;thegem&quot;}\">\n\t\t\t\t\t<div class=\"e-con-inner\">\n\t\t<a class=\"elementor-element elementor-element-7657d12 e-con-full thegem-e-con-layout-thegem e-flex e-con e-child\" data-id=\"7657d12\" data-element_type=\"container\" data-e-type=\"container\" data-settings=\"{&quot;background_background&quot;:&quot;classic&quot;,&quot;thegem_container_layout&quot;:&quot;thegem&quot;}\" href=\"https:\/\/defarra.es\/ca\/noces\/\">\n\t\t\t\t<div class=\"elementor-element elementor-element-d6eff1a flex-horizontal-align-default flex-horizontal-align-tablet-default flex-horizontal-align-mobile-default flex-vertical-align-default flex-vertical-align-tablet-default flex-vertical-align-mobile-default elementor-widget elementor-widget-heading\" data-id=\"d6eff1a\" data-element_type=\"widget\" data-e-type=\"widget\" data-widget_type=\"heading.default\">\n\t\t\t\t<div class=\"elementor-widget-container\">\n\t\t\t\t\t<div class=\"title-h3 elementor-heading-title elementor-size-default\">CASAMENTS<\/div>\t\t\t\t<\/div>\n\t\t\t\t<\/div>\n\t\t\t\t<\/a>\n\t\t<a class=\"elementor-element elementor-element-89a6e45 e-con-full thegem-e-con-layout-thegem e-flex e-con e-child\" data-id=\"89a6e45\" data-element_type=\"container\" data-e-type=\"container\" data-settings=\"{&quot;background_background&quot;:&quot;classic&quot;,&quot;thegem_container_layout&quot;:&quot;thegem&quot;}\" href=\"https:\/\/defarra.es\/ca\/esdeveniments-privats\/\">\n\t\t\t\t<div class=\"elementor-element elementor-element-bb0b8bc flex-horizontal-align-default flex-horizontal-align-tablet-default flex-horizontal-align-mobile-default flex-vertical-align-default flex-vertical-align-tablet-default flex-vertical-align-mobile-default elementor-widget elementor-widget-heading\" data-id=\"bb0b8bc\" data-element_type=\"widget\" data-e-type=\"widget\" data-widget_type=\"heading.default\">\n\t\t\t\t<div class=\"elementor-widget-container\">\n\t\t\t\t\t<div class=\"title-h3 elementor-heading-title elementor-size-default\">ESDEVENIMENTS PRIVATS<\/div>\t\t\t\t<\/div>\n\t\t\t\t<\/div>\n\t\t\t\t<\/a>\n\t\t<a class=\"elementor-element elementor-element-22c09a2 e-con-full thegem-e-con-layout-thegem e-flex e-con e-child\" data-id=\"22c09a2\" data-element_type=\"container\" data-e-type=\"container\" data-settings=\"{&quot;background_background&quot;:&quot;classic&quot;,&quot;thegem_container_layout&quot;:&quot;thegem&quot;}\" href=\"https:\/\/defarra.es\/ca\/esdeveniments-publics\/\">\n\t\t\t\t<div class=\"elementor-element elementor-element-a8afd26 flex-horizontal-align-default flex-horizontal-align-tablet-default flex-horizontal-align-mobile-default flex-vertical-align-default flex-vertical-align-tablet-default flex-vertical-align-mobile-default elementor-widget elementor-widget-heading\" data-id=\"a8afd26\" data-element_type=\"widget\" data-e-type=\"widget\" data-widget_type=\"heading.default\">\n\t\t\t\t<div class=\"elementor-widget-container\">\n\t\t\t\t\t<div class=\"title-h3 elementor-heading-title elementor-size-default\">ESDEVENIMENTS P\u00daBLICS<\/div>\t\t\t\t<\/div>\n\t\t\t\t<\/div>\n\t\t\t\t<\/a>\n\t\t\t\t\t<\/div>\n\t\t\t\t<\/div>\n\t\t\t\t<section class=\"elementor-section elementor-top-section elementor-element elementor-element-d36f52b animated-fast elementor-section-boxed elementor-section-height-default elementor-section-height-default\" data-id=\"d36f52b\" data-element_type=\"section\" data-e-type=\"section\" data-settings=\"{&quot;background_background&quot;:&quot;classic&quot;,&quot;animation&quot;:&quot;none&quot;,&quot;animation_delay&quot;:600}\">\r\n\t\t\t\t\t\t<div class=\"elementor-container elementor-column-gap-thegem\"><div class=\"elementor-row\">\r\n\t\t\t\t\t<div class=\"elementor-column elementor-col-100 elementor-top-column elementor-element elementor-element-64bac72\" data-id=\"64bac72\" data-element_type=\"column\" data-e-type=\"column\">\n\t\t\t<div class=\"elementor-widget-wrap elementor-element-populated\">\n\t\t\t\t<a class=\"elementor-element elementor-element-c2f1a4e thegem-e-con-layout-thegem e-flex e-con-boxed e-con e-child\" data-id=\"c2f1a4e\" data-element_type=\"container\" data-e-type=\"container\" data-settings=\"{&quot;background_background&quot;:&quot;classic&quot;,&quot;thegem_container_layout&quot;:&quot;thegem&quot;}\" href=\"https:\/\/defarra.es\/ca\/extres\/\">\n\t\t\t\t\t<div class=\"e-con-inner\">\n\t\t\t\t<div class=\"elementor-element elementor-element-7f65f5b flex-horizontal-align-default flex-horizontal-align-tablet-default flex-horizontal-align-mobile-default flex-vertical-align-default flex-vertical-align-tablet-default flex-vertical-align-mobile-default elementor-widget elementor-widget-heading\" data-id=\"7f65f5b\" data-element_type=\"widget\" data-e-type=\"widget\" data-widget_type=\"heading.default\">\n\t\t\t\t<div class=\"elementor-widget-container\">\n\t\t\t\t\t<div class=\"title-h3 elementor-heading-title elementor-size-default\">Extres defarra<\/div>\t\t\t\t<\/div>\n\t\t\t\t<\/div>\n\t\t\t\t\t<\/div>\n\t\t\t\t<\/a>\n\t\t\t\t\t<\/div>\n\t\t<\/div>\n\t\t\t\t\t<\/div><\/div>\r\n\t\t<\/section>\r\n\t\t\t\t<\/div>\n\t\t","protected":false},"excerpt":{"rendered":"<p>FORMULARI DE CONTACTE Nombre y apellidos Correo electr\u00f3nico Tel\u00e9fono Cu\u00e9ntanos sobre tu evento He le\u00eddo las condiciones de privacidad T&#8217;HI&#8230;<\/p>\n","protected":false},"author":1,"featured_media":0,"parent":0,"menu_order":0,"comment_status":"closed","ping_status":"closed","template":"page-fullwidth.php","meta":{"footnotes":""},"class_list":["post-34437","page","type-page","status-publish"],"_links":{"self":[{"href":"https:\/\/defarra.es\/ca\/wp-json\/wp\/v2\/pages\/34437","targetHints":{"allow":["GET"]}}],"collection":[{"href":"https:\/\/defarra.es\/ca\/wp-json\/wp\/v2\/pages"}],"about":[{"href":"https:\/\/defarra.es\/ca\/wp-json\/wp\/v2\/types\/page"}],"author":[{"embeddable":true,"href":"https:\/\/defarra.es\/ca\/wp-json\/wp\/v2\/users\/1"}],"replies":[{"embeddable":true,"href":"https:\/\/defarra.es\/ca\/wp-json\/wp\/v2\/comments?post=34437"}],"version-history":[{"count":4,"href":"https:\/\/defarra.es\/ca\/wp-json\/wp\/v2\/pages\/34437\/revisions"}],"predecessor-version":[{"id":34443,"href":"https:\/\/defarra.es\/ca\/wp-json\/wp\/v2\/pages\/34437\/revisions\/34443"}],"wp:attachment":[{"href":"https:\/\/defarra.es\/ca\/wp-json\/wp\/v2\/media?parent=34437"}],"curies":[{"name":"wp","href":"https:\/\/api.w.org\/{rel}","templated":true}]}}